{"id":1836,"date":"2023-01-09T11:03:20","date_gmt":"2023-01-09T16:03:20","guid":{"rendered":"http:\/\/emcglobalindustrial.com\/?post_type=product&#038;p=1836"},"modified":"2025-11-27T16:16:07","modified_gmt":"2025-11-27T21:16:07","slug":"72-skid-steer-rotary-skid-steer-broom","status":"publish","type":"product","link":"https:\/\/emcglobalindustrial.com\/fr\/produit\/72-skid-steer-rotary-skid-steer-broom\/","title":{"rendered":"Balai rotatif \u00e0 direction \u00e0 glissement de 72 po"},"content":{"rendered":"<h2><strong>Sp\u00e9cifications<\/strong><\/h2>\n<ul>\n<li>Largeur de fonctionnement : 1830mm<\/li>\n<li>Diam\u00e8tre de la brosse\u00a0: 560mm<\/li>\n<li>Capacit\u00e9\u00a0: 0,4\u00a0m\u00b3<\/li>\n<li>Pression de fonctionnement : 16mpa<\/li>\n<li>D\u00e9bit de fonctionnement : 50-75L\/mm<\/li>\n<\/ul>\n<h2><strong>Warranty<\/strong><\/h2>\n<ul>\n<li><a href=\"http:\/\/emcglobalindustrial.com\/wp-content\/uploads\/2025\/10\/EMC-Farm-Industrial-Inc.-Warranty-Terms-and-Conditions-EN.pdf\" target=\"_blank\" rel=\"noopener\">Warranty Terms and Conditions (EN)<\/a><\/li>\n<li><a href=\"http:\/\/emcglobalindustrial.com\/wp-content\/uploads\/2025\/10\/EMC-Farm-Industrial-Inc.-Conditions-de-Garantie-FR.pdf\" target=\"_blank\" rel=\"noopener\">Conditions de Garantie (FR)<\/a><\/li>\n<\/ul>\n<h2><strong>D\u00e9tails d'emballage<\/strong><\/h2>\n<ul>\n<li>Taille de l'emballage : 87x54x32 pouces<\/li>\n<li>Poids de l'emballage\u00a0: 1090\u00a0lb<\/li>\n<\/ul>\n<div style=\"width: 368px;\" class=\"wp-video\"><video class=\"wp-video-shortcode\" id=\"video-1836-1\" width=\"368\" height=\"640\" preload=\"metadata\" controls=\"controls\"><source type=\"video\/mp4\" src=\"http:\/\/emcglobalindustrial.com\/wp-content\/uploads\/2023\/01\/72-Skid-Steer-Rock-Grapple-Bucket.mp4?_=1\" \/><a href=\"http:\/\/emcglobalindustrial.com\/wp-content\/uploads\/2023\/01\/72-Skid-Steer-Rock-Grapple-Bucket.mp4\">http:\/\/emcglobalindustrial.com\/wp-content\/uploads\/2023\/01\/72-Skid-Steer-Rock-Grapple-Bucket.mp4<\/a><\/video><\/div>","protected":false},"excerpt":{"rendered":"<p>Specifications Operating Width: 1830mm Brush Diameter: 560mm Capacity: 0.4m\u00b3 Operating Pressure:16mpa Operating Flow: 50-75L\/mm Warranty Warranty Terms and Conditions (EN) Conditions de Garantie (FR) Packing Details Packing size: 87*54*32 Inches Packing weight: 1090lbs<\/p>","protected":false},"featured_media":3026,"comment_status":"open","ping_status":"closed","template":"","meta":[],"product_brand":[],"product_cat":[100],"product_tag":[],"class_list":{"0":"post-1836","1":"product","2":"type-product","3":"status-publish","4":"has-post-thumbnail","6":"product_cat-attachment","8":"first","9":"instock","10":"shipping-taxable","11":"purchasable","12":"product-type-simple"},"_links":{"self":[{"href":"https:\/\/emcglobalindustrial.com\/fr\/wp-json\/wp\/v2\/product\/1836","targetHints":{"allow":["GET"]}}],"collection":[{"href":"https:\/\/emcglobalindustrial.com\/fr\/wp-json\/wp\/v2\/product"}],"about":[{"href":"https:\/\/emcglobalindustrial.com\/fr\/wp-json\/wp\/v2\/types\/product"}],"replies":[{"embeddable":true,"href":"https:\/\/emcglobalindustrial.com\/fr\/wp-json\/wp\/v2\/comments?post=1836"}],"wp:featuredmedia":[{"embeddable":true,"href":"https:\/\/emcglobalindustrial.com\/fr\/wp-json\/wp\/v2\/media\/3026"}],"wp:attachment":[{"href":"https:\/\/emcglobalindustrial.com\/fr\/wp-json\/wp\/v2\/media?parent=1836"}],"wp:term":[{"taxonomy":"product_brand","embeddable":true,"href":"https:\/\/emcglobalindustrial.com\/fr\/wp-json\/wp\/v2\/product_brand?post=1836"},{"taxonomy":"product_cat","embeddable":true,"href":"https:\/\/emcglobalindustrial.com\/fr\/wp-json\/wp\/v2\/product_cat?post=1836"},{"taxonomy":"product_tag","embeddable":true,"href":"https:\/\/emcglobalindustrial.com\/fr\/wp-json\/wp\/v2\/product_tag?post=1836"}],"curies":[{"name":"wp","href":"https:\/\/api.w.org\/{rel}","templated":true}]}}