{"id":1767,"date":"2022-11-18T16:41:15","date_gmt":"2022-11-18T21:41:15","guid":{"rendered":"http:\/\/emcglobalindustrial.com\/?post_type=product&#038;p=1767"},"modified":"2025-11-27T16:38:49","modified_gmt":"2025-11-27T21:38:49","slug":"mobile-loading-ramp","status":"publish","type":"product","link":"https:\/\/emcglobalindustrial.com\/fr\/produit\/mobile-loading-ramp\/","title":{"rendered":"10T Mobile Loading Ramp"},"content":{"rendered":"<div style=\"width: 640px;\" class=\"wp-video\"><video class=\"wp-video-shortcode\" id=\"video-1767-1\" width=\"640\" height=\"368\" preload=\"metadata\" controls=\"controls\"><source type=\"video\/mp4\" src=\"http:\/\/emcglobalindustrial.com\/wp-content\/uploads\/2022\/11\/UsingContainerRack_01.mp4?_=1\" \/><a href=\"http:\/\/emcglobalindustrial.com\/wp-content\/uploads\/2022\/11\/UsingContainerRack_01.mp4\">http:\/\/emcglobalindustrial.com\/wp-content\/uploads\/2022\/11\/UsingContainerRack_01.mp4<\/a><\/video><\/div>\n<h2><strong><b>Caract\u00e9ristiques<\/b><\/strong><\/h2>\n<p>La capacit\u00e9 de la rampe de chargement mobile EMC Industrial Heavy Duty est de 10 tonnes. La conception unique garantit que le chariot \u00e9l\u00e9vateur peut fonctionner de mani\u00e8re stable. Deux roues solides facilitent le d\u00e9placement de la plate-forme.<\/p>\n<h2><strong><b>S<\/b><\/strong><strong><b>p\u00e9cifications<\/b><\/strong><\/h2>\n<ul>\n<li>Overall size: L439\u201d\u00d7W83\u201d\u00d7H43\u201d<\/li>\n<li>Pont : sup\u00e9rieur : filets en acier haute r\u00e9sistance de 8 mm, bas : plaque en acier haute r\u00e9sistance de 3 mm.<\/li>\n<li>Cylindre d'huile : \u03a680mm\u00d7\u03a650mm\u00d72<\/li>\n<li>L\u00e8vre avant\u00a0: 400mm de long, plaque d'acier de 14mm<\/li>\n<li>Roues : 600-9\u00d72 pneus pleins<\/li>\n<li>Pieds avant : Pieds r\u00e9glables m\u00e9caniquement<\/li>\n<\/ul>\n<h2><strong>Warranty<\/strong><\/h2>\n<ul>\n<li><a href=\"http:\/\/emcglobalindustrial.com\/wp-content\/uploads\/2025\/10\/EMC-Farm-Industrial-Inc.-Warranty-Terms-and-Conditions-EN.pdf\" target=\"_blank\" rel=\"noopener\">Warranty Terms and Conditions (EN)<\/a><\/li>\n<li><a href=\"http:\/\/emcglobalindustrial.com\/wp-content\/uploads\/2025\/10\/EMC-Farm-Industrial-Inc.-Conditions-de-Garantie-FR.pdf\" target=\"_blank\" rel=\"noopener\">Conditions de Garantie (FR)<\/a><\/li>\n<\/ul>\n<h2><strong><b>D\u00e9tails d'emballage<\/b><\/strong><\/h2>\n<ul>\n<li>Dimensions du colis : 439\"(L)*83\"(W)*43\"(H)<\/li>\n<li>Poids du colis : 5280 lb<\/li>\n<\/ul>\n<p><a href=\"http:\/\/emcglobalindustrial.com\/wp-content\/uploads\/2022\/11\/User-Operation-Manual.pdf\"><strong><em>User Operation Manual, Click here&#8230;<\/em><\/strong><\/a><\/p>","protected":false},"excerpt":{"rendered":"<p>Features The EMC Industrial heavy duty Mobile Loading Ramp capacity is 10 tons, The unique design ensures that the forklift can operate stably on it, Two strong wheels make the platform easier to move. Specifications Overall size: L439\u201d\u00d7W83\u201d\u00d7H43\u201d Deck: Upper:8mm High-strength Steel Nets, Bottom:3mm High-strength Steel Plate Oil Cylinder: \u03a680mm\u00d7\u03a650mm\u00d72&hellip; <\/p>","protected":false},"featured_media":1769,"comment_status":"open","ping_status":"closed","template":"","meta":[],"product_brand":[],"product_cat":[100],"product_tag":[],"class_list":{"0":"post-1767","1":"product","2":"type-product","3":"status-publish","4":"has-post-thumbnail","6":"product_cat-attachment","8":"first","9":"instock","10":"shipping-taxable","11":"purchasable","12":"product-type-simple"},"_links":{"self":[{"href":"https:\/\/emcglobalindustrial.com\/fr\/wp-json\/wp\/v2\/product\/1767","targetHints":{"allow":["GET"]}}],"collection":[{"href":"https:\/\/emcglobalindustrial.com\/fr\/wp-json\/wp\/v2\/product"}],"about":[{"href":"https:\/\/emcglobalindustrial.com\/fr\/wp-json\/wp\/v2\/types\/product"}],"replies":[{"embeddable":true,"href":"https:\/\/emcglobalindustrial.com\/fr\/wp-json\/wp\/v2\/comments?post=1767"}],"wp:featuredmedia":[{"embeddable":true,"href":"https:\/\/emcglobalindustrial.com\/fr\/wp-json\/wp\/v2\/media\/1769"}],"wp:attachment":[{"href":"https:\/\/emcglobalindustrial.com\/fr\/wp-json\/wp\/v2\/media?parent=1767"}],"wp:term":[{"taxonomy":"product_brand","embeddable":true,"href":"https:\/\/emcglobalindustrial.com\/fr\/wp-json\/wp\/v2\/product_brand?post=1767"},{"taxonomy":"product_cat","embeddable":true,"href":"https:\/\/emcglobalindustrial.com\/fr\/wp-json\/wp\/v2\/product_cat?post=1767"},{"taxonomy":"product_tag","embeddable":true,"href":"https:\/\/emcglobalindustrial.com\/fr\/wp-json\/wp\/v2\/product_tag?post=1767"}],"curies":[{"name":"wp","href":"https:\/\/api.w.org\/{rel}","templated":true}]}}