{"id":1738,"date":"2022-11-06T22:37:28","date_gmt":"2022-11-07T03:37:28","guid":{"rendered":"http:\/\/emcglobalindustrial.com\/?post_type=product&#038;p=1738"},"modified":"2025-10-30T13:47:07","modified_gmt":"2025-10-30T17:47:07","slug":"heavy-duty-21ftx19ft-double-garage-metal-shed","status":"publish","type":"product","link":"https:\/\/emcglobalindustrial.com\/fr\/produit\/heavy-duty-21ftx19ft-double-garage-metal-shed\/","title":{"rendered":"Hangar en m\u00e9tal pour garage double robuste de 21pi \u00d7 19pi"},"content":{"rendered":"<h2><strong><b>Caract\u00e9ristiques<\/b><\/strong><\/h2>\n<p>La remise en m\u00e9tal pour garage double EMC Industrial 21' x 19' est facile \u00e0 installer. Environ 400 pieds carr\u00e9s pour accueillir des v\u00e9hicules, des bateaux, de la machinerie motoris\u00e9e, de l'\u00e9quipement agricole, m\u00eame pour l'entreposage dans la cour arri\u00e8re et les ateliers. Cet abri de garage est livr\u00e9 avec deux grandes portes de garage et une porte lat\u00e9rale. Le solide cadre en acier galvanis\u00e9 \u00e0 chaud et le toit renforc\u00e9 dureront des ann\u00e9es.<\/p>\n<h2><strong><b>Sp\u00e9cifications<\/b><\/strong><\/h2>\n<ul>\n<li>Taille globale : W257.5\"\u00d7D230\"\u00d7H150\"<\/li>\n<li>Taille interne : 400 pieds carr\u00e9s<\/li>\n<li>Mat\u00e9riau des murs et du toit\u00a0: cadre en acier de calibre 16<\/li>\n<li>Feuilles de m\u00e9tal de calibre 27<\/li>\n<li>Porte \u00e0 double cadre avec ouverture L100\"\u00d7H88\" (portes \u00e0 enroulement automatique vendues s\u00e9par\u00e9ment)<\/li>\n<li>Taille de la porte \u00e0 charni\u00e8res lat\u00e9rales : L33,6\"\u00d7H75,6\"<\/li>\n<li>Charge maximale sur le toit (lb\/pi\u00b2) : 30<\/li>\n<li>R\u00e9sistance maximale au vent (mph): 75<\/li>\n<li>Couleur : Cr\u00e8me<\/li>\n<\/ul>\n<h2><strong>Warranty<\/strong><\/h2>\n<ul>\n<li><a href=\"http:\/\/emcglobalindustrial.com\/wp-content\/uploads\/2025\/10\/EMC-Farm-Industrial-Inc.-Warranty-Terms-and-Conditions-EN.pdf\" target=\"_blank\" rel=\"noopener\">Warranty Terms and Conditions (EN)<\/a><\/li>\n<li><a href=\"http:\/\/emcglobalindustrial.com\/wp-content\/uploads\/2025\/10\/EMC-Farm-Industrial-Inc.-Conditions-de-Garantie-FR.pdf\" target=\"_blank\" rel=\"noopener\">Conditions de Garantie (FR)<\/a><\/li>\n<\/ul>\n<h2><strong><b>D\u00e9tails d'emballage<\/b><\/strong><\/h2>\n<ul>\n<li>Dimensions du colis : 87\"(L)*41\"(W)*24\"(H)<\/li>\n<li>Poids du colis : 1639 lb<\/li>\n<\/ul>\n<div style=\"width: 640px;\" class=\"wp-video\"><video class=\"wp-video-shortcode\" id=\"video-1738-1\" width=\"640\" height=\"368\" preload=\"metadata\" controls=\"controls\"><source type=\"video\/mp4\" src=\"http:\/\/emcglobalindustrial.com\/wp-content\/uploads\/2022\/11\/WeChat_20231002122256.mp4?_=1\" \/><a href=\"http:\/\/emcglobalindustrial.com\/wp-content\/uploads\/2022\/11\/WeChat_20231002122256.mp4\">http:\/\/emcglobalindustrial.com\/wp-content\/uploads\/2022\/11\/WeChat_20231002122256.mp4<\/a><\/video><\/div>","protected":false},"excerpt":{"rendered":"<p><img decoding=\"async\" class=\"alignnone size-medium wp-image-1747\" src=\"http:\/\/emcglobalindustrial.com\/wp-content\/uploads\/2022\/11\/Products_HeavyDuty_DoubleGarageMetalShed.jpg\" alt=\"\" width=\"1\" height=\"1\" \/><img decoding=\"async\" class=\"alignnone size-medium wp-image-1741\" src=\"http:\/\/emcglobalindustrial.com\/wp-content\/uploads\/2022\/11\/Products_HeavyDuty_DoubleGarageMetalShed-1.jpg\" alt=\"\" width=\"1\" height=\"1\" \/><\/p>","protected":false},"featured_media":1748,"comment_status":"open","ping_status":"closed","template":"","meta":[],"product_brand":[],"product_cat":[69,62],"product_tag":[],"class_list":{"0":"post-1738","1":"product","2":"type-product","3":"status-publish","4":"has-post-thumbnail","6":"product_cat-metal-shelter","7":"product_cat-storage-equipment","9":"first","10":"instock","11":"shipping-taxable","12":"purchasable","13":"product-type-simple"},"_links":{"self":[{"href":"https:\/\/emcglobalindustrial.com\/fr\/wp-json\/wp\/v2\/product\/1738","targetHints":{"allow":["GET"]}}],"collection":[{"href":"https:\/\/emcglobalindustrial.com\/fr\/wp-json\/wp\/v2\/product"}],"about":[{"href":"https:\/\/emcglobalindustrial.com\/fr\/wp-json\/wp\/v2\/types\/product"}],"replies":[{"embeddable":true,"href":"https:\/\/emcglobalindustrial.com\/fr\/wp-json\/wp\/v2\/comments?post=1738"}],"wp:featuredmedia":[{"embeddable":true,"href":"https:\/\/emcglobalindustrial.com\/fr\/wp-json\/wp\/v2\/media\/1748"}],"wp:attachment":[{"href":"https:\/\/emcglobalindustrial.com\/fr\/wp-json\/wp\/v2\/media?parent=1738"}],"wp:term":[{"taxonomy":"product_brand","embeddable":true,"href":"https:\/\/emcglobalindustrial.com\/fr\/wp-json\/wp\/v2\/product_brand?post=1738"},{"taxonomy":"product_cat","embeddable":true,"href":"https:\/\/emcglobalindustrial.com\/fr\/wp-json\/wp\/v2\/product_cat?post=1738"},{"taxonomy":"product_tag","embeddable":true,"href":"https:\/\/emcglobalindustrial.com\/fr\/wp-json\/wp\/v2\/product_tag?post=1738"}],"curies":[{"name":"wp","href":"https:\/\/api.w.org\/{rel}","templated":true}]}}