{"id":1726,"date":"2022-09-07T21:26:37","date_gmt":"2022-09-08T01:26:37","guid":{"rendered":"http:\/\/emcglobalindustrial.com\/?post_type=product&#038;p=1726"},"modified":"2023-05-04T15:37:06","modified_gmt":"2023-05-04T19:37:06","slug":"40-double-door-container","status":"publish","type":"product","link":"https:\/\/emcglobalindustrial.com\/fr\/produit\/40-double-door-container\/","title":{"rendered":"40 Pi Double Porte Conteneur"},"content":{"rendered":"<h2><strong><b>Caract\u00e9ristiques:<\/b><\/strong><\/h2>\n<ul class=\"list-bullet\">\n<li>Il a deux doubles portes, une \u00e0 l'arri\u00e8re et une \u00e0 l'avant. Les doubles portes peuvent \u00eatre ferm\u00e9es avec des tiges de verrouillage.<\/li>\n<li>Les poign\u00e9es sont plac\u00e9es haut pour simplifier les ouvertures et fermetures fr\u00e9quentes.<\/li>\n<li>Pour faciliter le transport, le conteneur est \u00e9quip\u00e9 de passages de fourches.<\/li>\n<\/ul>\n<p>Product Details in Imperial<\/p>\n<ul>\n<li>EXTERIOR\u00a0 \u00a0FT\u00a0 \u00a0 L X W X H\u00a0 \u00a0 40 X 8 X 8.5<\/li>\n<li>INTERIOR\u00a0 \u00a0 FT\u00a0\u00a0 L X W X H\u00a0 \u00a0 39.5 X 7.7 X 7.8<\/li>\n<li>DOOR\u00a0 \u00a0 \u00a0 \u00a0 \u00a0 FT\u00a0 \u00a0W X H\u00a0 \u00a0 \u00a0 \u00a0 \u00a0 \u00a07.7 X 7.4<\/li>\n<li>CAPACITY\u00a0 \u00a0FT3\u00a0 \u00a0 \u00a0 2,387<\/li>\n<li>WEIGHT\u00a0 \u00a0 \u00a0 LBS\u00a0 \u00a0NET 8,223<\/li>\n<li>\u00a0 \u00a0 \u00a0 \u00a0 \u00a0 \u00a0 \u00a0 \u00a0 \u00a0 \u00a0 \u00a0 \u00a0 \u00a0 \u00a0 \u00a0 PAYLOAD 58,974<\/li>\n<li>\u00a0 \u00a0 \u00a0 \u00a0 \u00a0 \u00a0 \u00a0 \u00a0 \u00a0 \u00a0 \u00a0 \u00a0 \u00a0 \u00a0 \u00a0 MGW 67,200<\/li>\n<\/ul>","protected":false},"excerpt":{"rendered":"<p>Features: It has two double doors, one in the back and one in the front. The double doors can be shut with locking rods. The handles are placed high to simplify frequent opening and closing. For easier transport, the container is outfitted with forklift pockets. Product Details in Imperial EXTERIOR\u00a0&hellip; <\/p>","protected":false},"featured_media":1727,"comment_status":"open","ping_status":"closed","template":"","meta":[],"product_brand":[],"product_cat":[86,68],"product_tag":[],"class_list":{"0":"post-1726","1":"product","2":"type-product","3":"status-publish","4":"has-post-thumbnail","6":"product_cat-container","7":"product_cat-storage-container","9":"first","10":"instock","11":"shipping-taxable","12":"purchasable","13":"product-type-simple"},"_links":{"self":[{"href":"https:\/\/emcglobalindustrial.com\/fr\/wp-json\/wp\/v2\/product\/1726","targetHints":{"allow":["GET"]}}],"collection":[{"href":"https:\/\/emcglobalindustrial.com\/fr\/wp-json\/wp\/v2\/product"}],"about":[{"href":"https:\/\/emcglobalindustrial.com\/fr\/wp-json\/wp\/v2\/types\/product"}],"replies":[{"embeddable":true,"href":"https:\/\/emcglobalindustrial.com\/fr\/wp-json\/wp\/v2\/comments?post=1726"}],"wp:featuredmedia":[{"embeddable":true,"href":"https:\/\/emcglobalindustrial.com\/fr\/wp-json\/wp\/v2\/media\/1727"}],"wp:attachment":[{"href":"https:\/\/emcglobalindustrial.com\/fr\/wp-json\/wp\/v2\/media?parent=1726"}],"wp:term":[{"taxonomy":"product_brand","embeddable":true,"href":"https:\/\/emcglobalindustrial.com\/fr\/wp-json\/wp\/v2\/product_brand?post=1726"},{"taxonomy":"product_cat","embeddable":true,"href":"https:\/\/emcglobalindustrial.com\/fr\/wp-json\/wp\/v2\/product_cat?post=1726"},{"taxonomy":"product_tag","embeddable":true,"href":"https:\/\/emcglobalindustrial.com\/fr\/wp-json\/wp\/v2\/product_tag?post=1726"}],"curies":[{"name":"wp","href":"https:\/\/api.w.org\/{rel}","templated":true}]}}