{"id":1680,"date":"2022-02-24T11:19:35","date_gmt":"2022-02-24T16:19:35","guid":{"rendered":"http:\/\/emcglobalindustrial.com\/?post_type=product&#038;p=1680"},"modified":"2025-11-10T16:30:20","modified_gmt":"2025-11-10T21:30:20","slug":"1224m-greenhouse","status":"publish","type":"product","link":"https:\/\/emcglobalindustrial.com\/fr\/produit\/1224m-greenhouse\/","title":{"rendered":"Serre 12*24m"},"content":{"rendered":"<h2><strong><b>Caract\u00e9ristiques<\/b><\/strong><\/h2>\n<ul>\n<li>12m*24m Autre taille \u00e9galement disponible<\/li>\n<li>Cette serre pour plantes respectueuse de l'environnement est parfaitement con\u00e7ue pour le milieu rural et l'agriculture et le jardinage pour ceux qui recherchent une solution \u00e9cologique. Le concept du syst\u00e8me offre toute la protection dont vos plantes ont besoin pour passer beaucoup de temps \u00e0 faire fonctionner vous-m\u00eame la serre.<\/li>\n<li>Le cadre en acier galvanis\u00e9 combin\u00e9 \u00e0 l'aluminium est enduit de poudre et peut \u00eatre r\u00e9sistant aux UV. Nous offrons \u00e9galement une option fournissant des feuilles de polycarbonate \u00e0 double paroi, l'un des rev\u00eatements de serre les plus solides qui est presque aussi transparent que le verre et un isolant beaucoup plus l\u00e9ger et meilleur. Cette solution gardera vos plantes, l\u00e9gumes, prot\u00e9g\u00e9s et plus s\u00fbrs.<\/li>\n<li>Les feuilles transparentes du toit laissent passer la lumi\u00e8re naturelle sur toute la surface.<\/li>\n<li>Le syst\u00e8me est \u00e9galement livr\u00e9 avec un \u00e9vent de toit activ\u00e9 automatiquement pour assurer une excellente ventilation de votre appareil.<\/li>\n<li>La conception pratique d'une seule porte coulissante permet un acc\u00e8s facile \u00e0 l'int\u00e9rieur.<br \/>\nCette serre combin\u00e9e en aluminium avec des panneaux en polycarbonate est votre solution id\u00e9ale pour garder vos plantes saines et heureuses ainsi qu'un logement r\u00e9sistant et durable pour vos plantes.<\/li>\n<\/ul>\n<h2><strong>Warranty<\/strong><\/h2>\n<ul>\n<li><a href=\"http:\/\/emcglobalindustrial.com\/wp-content\/uploads\/2025\/10\/EMC-Farm-Industrial-Inc.-Warranty-Terms-and-Conditions-EN.pdf\" target=\"_blank\" rel=\"noopener\">Warranty Terms and Conditions (EN)<\/a><\/li>\n<li><a href=\"http:\/\/emcglobalindustrial.com\/wp-content\/uploads\/2025\/10\/EMC-Farm-Industrial-Inc.-Conditions-de-Garantie-FR.pdf\" target=\"_blank\" rel=\"noopener\">Conditions de Garantie (FR)<\/a><\/li>\n<\/ul>","protected":false},"excerpt":{"rendered":"<p>Features 12m*24m Other Size Also Available This environment friendly plant greenhouse is perfectly designed for the rural and agriculture and gardening for those are devoted looking for ecological solution. The concept of the system offers all the protection your plants need to spend a great deal of time in operating&hellip; <\/p>","protected":false},"featured_media":1681,"comment_status":"open","ping_status":"closed","template":"","meta":[],"product_brand":[],"product_cat":[92,95],"product_tag":[],"class_list":{"0":"post-1680","1":"product","2":"type-product","3":"status-publish","4":"has-post-thumbnail","6":"product_cat-homegarden","7":"product_cat-greenhouse","9":"first","10":"instock","11":"shipping-taxable","12":"product-type-simple"},"_links":{"self":[{"href":"https:\/\/emcglobalindustrial.com\/fr\/wp-json\/wp\/v2\/product\/1680","targetHints":{"allow":["GET"]}}],"collection":[{"href":"https:\/\/emcglobalindustrial.com\/fr\/wp-json\/wp\/v2\/product"}],"about":[{"href":"https:\/\/emcglobalindustrial.com\/fr\/wp-json\/wp\/v2\/types\/product"}],"replies":[{"embeddable":true,"href":"https:\/\/emcglobalindustrial.com\/fr\/wp-json\/wp\/v2\/comments?post=1680"}],"wp:featuredmedia":[{"embeddable":true,"href":"https:\/\/emcglobalindustrial.com\/fr\/wp-json\/wp\/v2\/media\/1681"}],"wp:attachment":[{"href":"https:\/\/emcglobalindustrial.com\/fr\/wp-json\/wp\/v2\/media?parent=1680"}],"wp:term":[{"taxonomy":"product_brand","embeddable":true,"href":"https:\/\/emcglobalindustrial.com\/fr\/wp-json\/wp\/v2\/product_brand?post=1680"},{"taxonomy":"product_cat","embeddable":true,"href":"https:\/\/emcglobalindustrial.com\/fr\/wp-json\/wp\/v2\/product_cat?post=1680"},{"taxonomy":"product_tag","embeddable":true,"href":"https:\/\/emcglobalindustrial.com\/fr\/wp-json\/wp\/v2\/product_tag?post=1680"}],"curies":[{"name":"wp","href":"https:\/\/api.w.org\/{rel}","templated":true}]}}