{"id":1643,"date":"2022-01-01T11:51:54","date_gmt":"2022-01-01T16:51:54","guid":{"rendered":"http:\/\/emcglobalindustrial.com\/?post_type=product&#038;p=1643"},"modified":"2024-05-30T11:15:34","modified_gmt":"2024-05-30T15:15:34","slug":"40ft-standard-shipping-container","status":"publish","type":"product","link":"https:\/\/emcglobalindustrial.com\/fr\/produit\/40ft-standard-shipping-container\/","title":{"rendered":"40 Pi Conteneur d'exp\u00e9dition High-cube(tout neuf)"},"content":{"rendered":"<p>Tout nouveau conteneur d'exp\u00e9dition de 40 pieds de haut cube, une porte d'extr\u00e9mit\u00e9, pour une utilisation de stockage.<\/p>\n<p>Product Details in Imperial<\/p>\n<ul>\n<li>EXTERIOR\u00a0 \u00a0FT\u00a0 \u00a0 L X W X H\u00a0 \u00a0 40 X 8 X 9.5<\/li>\n<li>INTERIOR\u00a0 \u00a0 FT\u00a0\u00a0 L X W X H\u00a0 \u00a0 39.5 X 7.7 X 8.9<\/li>\n<li>DOOR\u00a0 \u00a0 \u00a0 \u00a0 \u00a0 FT\u00a0 \u00a0W X H\u00a0 \u00a0 \u00a0 \u00a0 \u00a0 \u00a07.7 X 8.5<\/li>\n<li>CAPACITY\u00a0 \u00a0FT3\u00a0 \u00a0 \u00a0 \u00a0 \u00a0 \u00a02,684<\/li>\n<li>WEIGHT\u00a0 \u00a0 \u00a0 LBS\u00a0 \u00a0NET 8,600<\/li>\n<li>\u00a0 \u00a0 \u00a0 \u00a0 \u00a0 \u00a0 \u00a0 \u00a0 \u00a0 \u00a0 \u00a0 \u00a0 \u00a0 \u00a0 \u00a0 PAYLOAD 58,600<\/li>\n<li>\u00a0 \u00a0 \u00a0 \u00a0 \u00a0 \u00a0 \u00a0 \u00a0 \u00a0 \u00a0 \u00a0 \u00a0 \u00a0 \u00a0 \u00a0 MGW 67,200<\/li>\n<\/ul>","protected":false},"excerpt":{"rendered":"<p>Brand new 40ft high-cube shipping container, one end door, for storage use. Product Details in Imperial EXTERIOR\u00a0 \u00a0FT\u00a0 \u00a0 L X W X H\u00a0 \u00a0 40 X 8 X 9.5 INTERIOR\u00a0 \u00a0 FT\u00a0\u00a0 L X W X H\u00a0 \u00a0 39.5 X 7.7 X 8.9 DOOR\u00a0 \u00a0 \u00a0 \u00a0 \u00a0 FT\u00a0&hellip; <\/p>","protected":false},"featured_media":1644,"comment_status":"open","ping_status":"closed","template":"","meta":[],"product_brand":[],"product_cat":[86,68],"product_tag":[],"class_list":{"0":"post-1643","1":"product","2":"type-product","3":"status-publish","4":"has-post-thumbnail","6":"product_cat-container","7":"product_cat-storage-container","9":"first","10":"instock","11":"shipping-taxable","12":"purchasable","13":"product-type-simple"},"_links":{"self":[{"href":"https:\/\/emcglobalindustrial.com\/fr\/wp-json\/wp\/v2\/product\/1643","targetHints":{"allow":["GET"]}}],"collection":[{"href":"https:\/\/emcglobalindustrial.com\/fr\/wp-json\/wp\/v2\/product"}],"about":[{"href":"https:\/\/emcglobalindustrial.com\/fr\/wp-json\/wp\/v2\/types\/product"}],"replies":[{"embeddable":true,"href":"https:\/\/emcglobalindustrial.com\/fr\/wp-json\/wp\/v2\/comments?post=1643"}],"wp:featuredmedia":[{"embeddable":true,"href":"https:\/\/emcglobalindustrial.com\/fr\/wp-json\/wp\/v2\/media\/1644"}],"wp:attachment":[{"href":"https:\/\/emcglobalindustrial.com\/fr\/wp-json\/wp\/v2\/media?parent=1643"}],"wp:term":[{"taxonomy":"product_brand","embeddable":true,"href":"https:\/\/emcglobalindustrial.com\/fr\/wp-json\/wp\/v2\/product_brand?post=1643"},{"taxonomy":"product_cat","embeddable":true,"href":"https:\/\/emcglobalindustrial.com\/fr\/wp-json\/wp\/v2\/product_cat?post=1643"},{"taxonomy":"product_tag","embeddable":true,"href":"https:\/\/emcglobalindustrial.com\/fr\/wp-json\/wp\/v2\/product_tag?post=1643"}],"curies":[{"name":"wp","href":"https:\/\/api.w.org\/{rel}","templated":true}]}}