{"id":1619,"date":"2021-11-08T14:45:17","date_gmt":"2021-11-08T19:45:17","guid":{"rendered":"http:\/\/emcglobalindustrial.com\/?post_type=product&#038;p=1619"},"modified":"2025-11-10T16:07:16","modified_gmt":"2025-11-10T21:07:16","slug":"20ft-farm-metal-driveway-gate","status":"publish","type":"product","link":"https:\/\/emcglobalindustrial.com\/fr\/produit\/20ft-farm-metal-driveway-gate\/","title":{"rendered":"Porte d'entr\u00e9e en m\u00e9tal de ferme de 20 pieds"},"content":{"rendered":"<h2><strong><b>Mod\u00e8le: <\/b><\/strong>DG-20<\/h2>\n<h2><strong>Sp\u00e9cifications<\/strong><\/h2>\n<ul>\n<li>La porte d'entr\u00e9e en m\u00e9tal EMC Farm est une force industrielle.<\/li>\n<li>Installation rapide et facile, id\u00e9al pour une utilisation commerciale et industrielle.<\/li>\n<\/ul>\n<h2><strong>Warranty<\/strong><\/h2>\n<ul>\n<li><a href=\"http:\/\/emcglobalindustrial.com\/wp-content\/uploads\/2025\/10\/EMC-Farm-Industrial-Inc.-Warranty-Terms-and-Conditions-EN.pdf\" target=\"_blank\" rel=\"noopener\">Warranty Terms and Conditions (EN)<\/a><\/li>\n<li><a href=\"http:\/\/emcglobalindustrial.com\/wp-content\/uploads\/2025\/10\/EMC-Farm-Industrial-Inc.-Conditions-de-Garantie-FR.pdf\" target=\"_blank\" rel=\"noopener\">Conditions de Garantie (FR)<\/a><\/li>\n<\/ul>\n<h2><strong>D\u00e9tails d'emballage<\/strong><\/h2>\n<ul>\n<li>Size(Inch): 236L*18W*87H (3 sets\/lot)<\/li>\n<li>Weight(lb): 388<\/li>\n<\/ul>","protected":false},"excerpt":{"rendered":"<p>Model: DG-20 Specifications The EMC farm metal driveway gate is industrial strength. Quick &amp; easy installation, Ideal for Commercial and Industrial use. Warranty Warranty Terms and Conditions (EN) Conditions de Garantie (FR) Packing Details Size(Inch): 236L*18W*87H (3 sets\/lot) Weight(lb): 388<\/p>","protected":false},"featured_media":3691,"comment_status":"open","ping_status":"closed","template":"","meta":[],"product_brand":[],"product_cat":[92,70],"product_tag":[],"class_list":{"0":"post-1619","1":"product","2":"type-product","3":"status-publish","4":"has-post-thumbnail","6":"product_cat-homegarden","7":"product_cat-iron-drive-way-gate","9":"first","10":"instock","11":"shipping-taxable","12":"purchasable","13":"product-type-simple"},"_links":{"self":[{"href":"https:\/\/emcglobalindustrial.com\/fr\/wp-json\/wp\/v2\/product\/1619","targetHints":{"allow":["GET"]}}],"collection":[{"href":"https:\/\/emcglobalindustrial.com\/fr\/wp-json\/wp\/v2\/product"}],"about":[{"href":"https:\/\/emcglobalindustrial.com\/fr\/wp-json\/wp\/v2\/types\/product"}],"replies":[{"embeddable":true,"href":"https:\/\/emcglobalindustrial.com\/fr\/wp-json\/wp\/v2\/comments?post=1619"}],"wp:featuredmedia":[{"embeddable":true,"href":"https:\/\/emcglobalindustrial.com\/fr\/wp-json\/wp\/v2\/media\/3691"}],"wp:attachment":[{"href":"https:\/\/emcglobalindustrial.com\/fr\/wp-json\/wp\/v2\/media?parent=1619"}],"wp:term":[{"taxonomy":"product_brand","embeddable":true,"href":"https:\/\/emcglobalindustrial.com\/fr\/wp-json\/wp\/v2\/product_brand?post=1619"},{"taxonomy":"product_cat","embeddable":true,"href":"https:\/\/emcglobalindustrial.com\/fr\/wp-json\/wp\/v2\/product_cat?post=1619"},{"taxonomy":"product_tag","embeddable":true,"href":"https:\/\/emcglobalindustrial.com\/fr\/wp-json\/wp\/v2\/product_tag?post=1619"}],"curies":[{"name":"wp","href":"https:\/\/api.w.org\/{rel}","templated":true}]}}