{"id":1595,"date":"2021-07-04T07:25:36","date_gmt":"2021-07-04T11:25:36","guid":{"rendered":"http:\/\/emcglobalindustrial.com\/?post_type=product&#038;p=1595"},"modified":"2025-11-10T16:48:20","modified_gmt":"2025-11-10T21:48:20","slug":"heavy-duty-two-post-auto-lift","status":"publish","type":"product","link":"https:\/\/emcglobalindustrial.com\/fr\/produit\/heavy-duty-two-post-auto-lift\/","title":{"rendered":"\u00c9l\u00e9vateur automatique \u00e0 deux montants de 10 000 lb"},"content":{"rendered":"<h2><strong>Mod\u00e8le: <\/strong>QJY4.5-D<\/h2>\n<h2><strong>Caract\u00e9ristiques<\/strong><\/h2>\n<ul>\n<li>La combinaison de bras \u00e0 trois \u00e9tages en option permet \u00e0 l'\u00e9l\u00e9vateur d'accueillir une large gamme de v\u00e9hicules, des Smart aux SUV, en passant par les fourgonnettes l\u00e9g\u00e8res.<\/li>\n<li>Les verrous de bras s'enclenchent automatiquement lorsque l'\u00e9l\u00e9vateur est relev\u00e9 et se d\u00e9sengagent lorsqu'il est compl\u00e8tement abaiss\u00e9<\/li>\n<li>La conception de montage de poulie sup\u00e9rieure et inf\u00e9rieure emp\u00eache la poulie de se d\u00e9tacher<\/li>\n<li>ETL certified for\u00a0Hydraulic Pump Power Unit<\/li>\n<\/ul>\n<h2><strong>Sp\u00e9cifications<\/strong><\/h2>\n<ul>\n<li>Capacit\u00e9\u00a0: 10,000\u00a0lb<\/li>\n<li>Overall Height: 107-1\/5\u201d<\/li>\n<li>Width between posts: 109\u201d<\/li>\n<li>Drive Trough Width: 101-3\/5\u201d<\/li>\n<li>Max lifting height: 72-4\/5\u201d<\/li>\n<li>Min pad height: 4-3\/10\u201d<\/li>\n<li>Front arm reach: 30-2\/5\u201d to 44-1\/2\u201d<\/li>\n<li>Rear arm reach: 30-2\/5\u201d to 44-1\/2\u201d<\/li>\n<li>Alimentation : 220V\/60HZ<\/li>\n<\/ul>\n<h2><strong>Warranty<\/strong><\/h2>\n<ul>\n<li><a href=\"http:\/\/emcglobalindustrial.com\/wp-content\/uploads\/2025\/10\/EMC-Farm-Industrial-Inc.-Warranty-Terms-and-Conditions-EN.pdf\" target=\"_blank\" rel=\"noopener\">Warranty Terms and Conditions (EN)<\/a><\/li>\n<li><a href=\"http:\/\/emcglobalindustrial.com\/wp-content\/uploads\/2025\/10\/EMC-Farm-Industrial-Inc.-Conditions-de-Garantie-FR.pdf\" target=\"_blank\" rel=\"noopener\">Conditions de Garantie (FR)<\/a><\/li>\n<\/ul>\n<h2><strong>D\u00e9tails d'emballage<\/strong><\/h2>\n<ul>\n<li>Package dimensions\uff1a110\u00d718\u00d729 Inches<\/li>\n<li>Package weight: 1267 lbs<\/li>\n<\/ul>","protected":false},"excerpt":{"rendered":"<p>Model: QJY4.5-D Features The optional triple-stage arms combination make the lift can accommodate a wide range of vehicles from Smart to SUV, light van The arm locks engage automatically when the lift is raised and disengage when fully lowered Top and bottom pulley mount design avoid pulley from coming off&hellip; <\/p>","protected":false},"featured_media":2468,"comment_status":"open","ping_status":"closed","template":"","meta":[],"product_brand":[],"product_cat":[103],"product_tag":[],"class_list":{"0":"post-1595","1":"product","2":"type-product","3":"status-publish","4":"has-post-thumbnail","6":"product_cat-automobile","8":"first","9":"instock","10":"shipping-taxable","11":"purchasable","12":"product-type-simple"},"_links":{"self":[{"href":"https:\/\/emcglobalindustrial.com\/fr\/wp-json\/wp\/v2\/product\/1595","targetHints":{"allow":["GET"]}}],"collection":[{"href":"https:\/\/emcglobalindustrial.com\/fr\/wp-json\/wp\/v2\/product"}],"about":[{"href":"https:\/\/emcglobalindustrial.com\/fr\/wp-json\/wp\/v2\/types\/product"}],"replies":[{"embeddable":true,"href":"https:\/\/emcglobalindustrial.com\/fr\/wp-json\/wp\/v2\/comments?post=1595"}],"wp:featuredmedia":[{"embeddable":true,"href":"https:\/\/emcglobalindustrial.com\/fr\/wp-json\/wp\/v2\/media\/2468"}],"wp:attachment":[{"href":"https:\/\/emcglobalindustrial.com\/fr\/wp-json\/wp\/v2\/media?parent=1595"}],"wp:term":[{"taxonomy":"product_brand","embeddable":true,"href":"https:\/\/emcglobalindustrial.com\/fr\/wp-json\/wp\/v2\/product_brand?post=1595"},{"taxonomy":"product_cat","embeddable":true,"href":"https:\/\/emcglobalindustrial.com\/fr\/wp-json\/wp\/v2\/product_cat?post=1595"},{"taxonomy":"product_tag","embeddable":true,"href":"https:\/\/emcglobalindustrial.com\/fr\/wp-json\/wp\/v2\/product_tag?post=1595"}],"curies":[{"name":"wp","href":"https:\/\/api.w.org\/{rel}","templated":true}]}}