{"id":1579,"date":"2021-07-03T22:29:46","date_gmt":"2021-07-04T02:29:46","guid":{"rendered":"http:\/\/emcglobalindustrial.com\/?post_type=product&#038;p=1579"},"modified":"2025-08-24T18:57:52","modified_gmt":"2025-08-24T22:57:52","slug":"metal-livestock-shelter-19-12","status":"publish","type":"product","link":"https:\/\/emcglobalindustrial.com\/fr\/produit\/metal-livestock-shelter-19-12\/","title":{"rendered":"Abri \u00e0 b\u00e9tail en m\u00e9tal (19' x 12')"},"content":{"rendered":"<h2><strong><b>Caract\u00e9ristiques<\/b><\/strong><\/h2>\n<p>L'abri pour b\u00e9tail en m\u00e9tal EMC Industrial Heavy Duty 19' x 12', tous les joints de connexion n\u00e9cessiteront une soudure pour une durabilit\u00e9 et une stabilit\u00e9 optimales. Utilisez-le pour aider \u00e0 garder les animaux au sec et \u00e0 l'abri des intemp\u00e9ries en les remplissant de foin pour leur procurer chaleur, confort et isolation.<\/p>\n<h2><strong><b>S<\/b><\/strong><strong><b>p\u00e9cifications<\/b><\/strong><\/h2>\n<ul>\n<li>Taille globale : W230\"\u00d7D146\"\u00d7H125\"<\/li>\n<li>Taille interne\u00a0: 228\u00a0pieds carr\u00e9s<\/li>\n<li>Mat\u00e9riau du mur et du toit\u00a0: panneau en acier de couleur ondul\u00e9e de 0,326\u00a0mm<\/li>\n<li>Base et cadre principal\u00a0: tube en acier 50\u00a0\u00d7\u00a050\u00a0\u00d7\u00a01,5\u00a0mm<\/li>\n<li>Ch\u00e2ssis secondaire\u00a0: tube d'acier 40\u00d720\u00d71,2\u00a0mm<\/li>\n<li>Sans porte<\/li>\n<li>Connexion de type soudage<\/li>\n<li>Tout le mat\u00e9riel de montage inclus<\/li>\n<\/ul>\n<h2><strong><b>D\u00e9tails d'emballage\u00a0:<\/b><\/strong><\/h2>\n<ul>\n<li>Dimensions du colis : 81\"(L)*41\"(W)*14\"(H)<\/li>\n<li>Poids du colis\u00a0:\u00a0970\u00a0lb<\/li>\n<\/ul>","protected":false},"excerpt":{"rendered":"<p>Features The EMC Industrial heavy duty 19\u2019 x 12\u2019 Metal Livestock Shelter, All connection joints will require welding for the best durability and stability.\u00a0Use to help keep animals dry and protected from the elements by stuffing with hay to provide warmth, comfort and insulation. Specifications Overall size: W230\u201d\u00d7D146\u201d\u00d7H125\u201d Internal Size:&hellip; <\/p>","protected":false},"featured_media":1798,"comment_status":"open","ping_status":"closed","template":"","meta":[],"product_brand":[],"product_cat":[62,97],"product_tag":[],"class_list":{"0":"post-1579","1":"product","2":"type-product","3":"status-publish","4":"has-post-thumbnail","6":"product_cat-storage-equipment","7":"product_cat-metal-livestock-shelter","9":"first","10":"instock","11":"shipping-taxable","12":"purchasable","13":"product-type-simple"},"_links":{"self":[{"href":"https:\/\/emcglobalindustrial.com\/fr\/wp-json\/wp\/v2\/product\/1579","targetHints":{"allow":["GET"]}}],"collection":[{"href":"https:\/\/emcglobalindustrial.com\/fr\/wp-json\/wp\/v2\/product"}],"about":[{"href":"https:\/\/emcglobalindustrial.com\/fr\/wp-json\/wp\/v2\/types\/product"}],"replies":[{"embeddable":true,"href":"https:\/\/emcglobalindustrial.com\/fr\/wp-json\/wp\/v2\/comments?post=1579"}],"wp:featuredmedia":[{"embeddable":true,"href":"https:\/\/emcglobalindustrial.com\/fr\/wp-json\/wp\/v2\/media\/1798"}],"wp:attachment":[{"href":"https:\/\/emcglobalindustrial.com\/fr\/wp-json\/wp\/v2\/media?parent=1579"}],"wp:term":[{"taxonomy":"product_brand","embeddable":true,"href":"https:\/\/emcglobalindustrial.com\/fr\/wp-json\/wp\/v2\/product_brand?post=1579"},{"taxonomy":"product_cat","embeddable":true,"href":"https:\/\/emcglobalindustrial.com\/fr\/wp-json\/wp\/v2\/product_cat?post=1579"},{"taxonomy":"product_tag","embeddable":true,"href":"https:\/\/emcglobalindustrial.com\/fr\/wp-json\/wp\/v2\/product_tag?post=1579"}],"curies":[{"name":"wp","href":"https:\/\/api.w.org\/{rel}","templated":true}]}}