{"id":1565,"date":"2021-07-03T22:21:32","date_gmt":"2021-07-04T02:21:32","guid":{"rendered":"http:\/\/emcglobalindustrial.com\/?post_type=product&#038;p=1565"},"modified":"2025-10-30T13:40:05","modified_gmt":"2025-10-30T17:40:05","slug":"steel-car-garage-1419","status":"publish","type":"product","link":"https:\/\/emcglobalindustrial.com\/fr\/produit\/steel-car-garage-1419\/","title":{"rendered":"Garage en acier pour voitures 14pi x 19pi"},"content":{"rendered":"<h2><strong>Sp\u00e9cifications<\/strong><\/h2>\n<ul>\n<li>Taille globale : 173(W)*230(D)*102(H) pouces<\/li>\n<li>Taille interne\u00a0: 165 (L) x 230 (P) x 102 (H) pouces<\/li>\n<li>Mat\u00e9riau du mur et du toit\u00a0: panneau en acier de couleur ondul\u00e9e de 0,013\u00a0pouce d'\u00e9paisseur<\/li>\n<li>Cadre en acier\u00a0: tube en acier 2\u00a0*\u00a02\u00a0*\u00a00,06\u00a0pouce<\/li>\n<li>Avec portes battantes doubles + porte battante lat\u00e9rale<\/li>\n<li>hauteur du mur : 85 pouces<\/li>\n<li>Double hinged door size: W 100&#8243;\u00d7H 90&#8243;<\/li>\n<li>Taille de la porte \u00e0 charni\u00e8res lat\u00e9rales : L33,6\"\u00d7H75,6\"<\/li>\n<\/ul>\n<h2><strong>Warranty<\/strong><\/h2>\n<ul>\n<li><a href=\"http:\/\/emcglobalindustrial.com\/wp-content\/uploads\/2025\/10\/EMC-Farm-Industrial-Inc.-Warranty-Terms-and-Conditions-EN.pdf\" target=\"_blank\" rel=\"noopener\">Warranty Terms and Conditions (EN)<\/a><\/li>\n<li><a href=\"http:\/\/emcglobalindustrial.com\/wp-content\/uploads\/2025\/10\/EMC-Farm-Industrial-Inc.-Conditions-de-Garantie-FR.pdf\" target=\"_blank\" rel=\"noopener\">Conditions de Garantie (FR)<\/a><\/li>\n<\/ul>\n<h2><strong>D\u00e9tail d'emballage<\/strong><\/h2>\n<ul>\n<li>Taille de l'emballage : 2230mmx1030mmx460mm (87po*41po*18po)<\/li>\n<li>Poids\u00a0: 517\u00a0kg (1140\u00a0lb).<\/li>\n<\/ul>","protected":false},"excerpt":{"rendered":"<p>Specifications Overall Size: 173(W)*230(D)*102(H) inch Internal Size: 165(W)x230(D)x102(H) inch Wall&amp;Roof Material: 0.013-inch thickness corrugated color steel panel Steel Frame: 2*2* 0.06-inch steel tube \u2022 With double swing doors + side swing door wall height: 85 inches Double hinged door size: W 100&#8243;\u00d7H 90&#8243; Side hinged door size: W33.6\u201d\u00d7H75.6\u201d Warranty Warranty&hellip; <\/p>","protected":false},"featured_media":1566,"comment_status":"open","ping_status":"closed","template":"","meta":[],"product_brand":[],"product_cat":[69,62],"product_tag":[],"class_list":{"0":"post-1565","1":"product","2":"type-product","3":"status-publish","4":"has-post-thumbnail","6":"product_cat-metal-shelter","7":"product_cat-storage-equipment","9":"first","10":"instock","11":"shipping-taxable","12":"purchasable","13":"product-type-simple"},"_links":{"self":[{"href":"https:\/\/emcglobalindustrial.com\/fr\/wp-json\/wp\/v2\/product\/1565","targetHints":{"allow":["GET"]}}],"collection":[{"href":"https:\/\/emcglobalindustrial.com\/fr\/wp-json\/wp\/v2\/product"}],"about":[{"href":"https:\/\/emcglobalindustrial.com\/fr\/wp-json\/wp\/v2\/types\/product"}],"replies":[{"embeddable":true,"href":"https:\/\/emcglobalindustrial.com\/fr\/wp-json\/wp\/v2\/comments?post=1565"}],"wp:featuredmedia":[{"embeddable":true,"href":"https:\/\/emcglobalindustrial.com\/fr\/wp-json\/wp\/v2\/media\/1566"}],"wp:attachment":[{"href":"https:\/\/emcglobalindustrial.com\/fr\/wp-json\/wp\/v2\/media?parent=1565"}],"wp:term":[{"taxonomy":"product_brand","embeddable":true,"href":"https:\/\/emcglobalindustrial.com\/fr\/wp-json\/wp\/v2\/product_brand?post=1565"},{"taxonomy":"product_cat","embeddable":true,"href":"https:\/\/emcglobalindustrial.com\/fr\/wp-json\/wp\/v2\/product_cat?post=1565"},{"taxonomy":"product_tag","embeddable":true,"href":"https:\/\/emcglobalindustrial.com\/fr\/wp-json\/wp\/v2\/product_tag?post=1565"}],"curies":[{"name":"wp","href":"https:\/\/api.w.org\/{rel}","templated":true}]}}