{"id":1544,"date":"2021-07-03T06:14:05","date_gmt":"2021-07-03T10:14:05","guid":{"rendered":"http:\/\/emcglobalindustrial.com\/?post_type=product&#038;p=1544"},"modified":"2025-11-10T16:31:07","modified_gmt":"2025-11-10T21:31:07","slug":"6x6x7-walk-in-garden-greenhouse","status":"publish","type":"product","link":"https:\/\/emcglobalindustrial.com\/fr\/produit\/6x6x7-walk-in-garden-greenhouse\/","title":{"rendered":"Serre de jardin sans rendez-vous 6'x6'x7'"},"content":{"rendered":"<h2><strong>Sp\u00e9cification<\/strong><\/h2>\n<ul>\n<li>Les panneaux transparents en polycarbonate de 0,16 pouce permettent une transmission maximale de la lumi\u00e8re tout en retenant la chaleur pour la germination pr\u00e9coce des graines ou pour prot\u00e9ger les plantes<\/li>\n<li>Le toit r\u00e9glable peut \u00eatre ajust\u00e9 \u00e0 diff\u00e9rents angles pour fournir une ventilation ad\u00e9quate<\/li>\n<li>Les goutti\u00e8res aident \u00e0 recueillir l'eau de pluie naturelle<\/li>\n<li>Le cadre en aluminium l\u00e9ger, la quincaillerie r\u00e9sistante \u00e0 la rouille et les poteaux renforc\u00e9s rendent la serre solide et durable<\/li>\n<li>Conception de porte \u00e0 ouverture pratique pour un acc\u00e8s facile \u00e0 la serre.<\/li>\n<\/ul>\n<h2><strong>Warranty<\/strong><\/h2>\n<ul>\n<li><a href=\"http:\/\/emcglobalindustrial.com\/wp-content\/uploads\/2025\/10\/EMC-Farm-Industrial-Inc.-Warranty-Terms-and-Conditions-EN.pdf\" target=\"_blank\" rel=\"noopener\">Warranty Terms and Conditions (EN)<\/a><\/li>\n<li><a href=\"http:\/\/emcglobalindustrial.com\/wp-content\/uploads\/2025\/10\/EMC-Farm-Industrial-Inc.-Conditions-de-Garantie-FR.pdf\" target=\"_blank\" rel=\"noopener\">Conditions de Garantie (FR)<\/a><\/li>\n<\/ul>","protected":false},"excerpt":{"rendered":"<p>Specification The transparent 0.16-inch polycarbonate panels allow maximum light transmission while retaining heat for early seed sprouting or for protecting plants The adjustable roof can be adjusted to different angles to provide proper ventilation Rain gutters aid in collecting natural rain water The lightweight aluminum frame, rust-resistant hardware, and reinforced&hellip; <\/p>","protected":false},"featured_media":1550,"comment_status":"open","ping_status":"closed","template":"","meta":[],"product_brand":[],"product_cat":[92,95],"product_tag":[],"class_list":{"0":"post-1544","1":"product","2":"type-product","3":"status-publish","4":"has-post-thumbnail","6":"product_cat-homegarden","7":"product_cat-greenhouse","9":"first","10":"instock","11":"shipping-taxable","12":"purchasable","13":"product-type-simple"},"_links":{"self":[{"href":"https:\/\/emcglobalindustrial.com\/fr\/wp-json\/wp\/v2\/product\/1544","targetHints":{"allow":["GET"]}}],"collection":[{"href":"https:\/\/emcglobalindustrial.com\/fr\/wp-json\/wp\/v2\/product"}],"about":[{"href":"https:\/\/emcglobalindustrial.com\/fr\/wp-json\/wp\/v2\/types\/product"}],"replies":[{"embeddable":true,"href":"https:\/\/emcglobalindustrial.com\/fr\/wp-json\/wp\/v2\/comments?post=1544"}],"wp:featuredmedia":[{"embeddable":true,"href":"https:\/\/emcglobalindustrial.com\/fr\/wp-json\/wp\/v2\/media\/1550"}],"wp:attachment":[{"href":"https:\/\/emcglobalindustrial.com\/fr\/wp-json\/wp\/v2\/media?parent=1544"}],"wp:term":[{"taxonomy":"product_brand","embeddable":true,"href":"https:\/\/emcglobalindustrial.com\/fr\/wp-json\/wp\/v2\/product_brand?post=1544"},{"taxonomy":"product_cat","embeddable":true,"href":"https:\/\/emcglobalindustrial.com\/fr\/wp-json\/wp\/v2\/product_cat?post=1544"},{"taxonomy":"product_tag","embeddable":true,"href":"https:\/\/emcglobalindustrial.com\/fr\/wp-json\/wp\/v2\/product_tag?post=1544"}],"curies":[{"name":"wp","href":"https:\/\/api.w.org\/{rel}","templated":true}]}}