{"id":1535,"date":"2021-07-03T06:04:25","date_gmt":"2021-07-03T10:04:25","guid":{"rendered":"http:\/\/emcglobalindustrial.com\/?post_type=product&#038;p=1535"},"modified":"2025-11-10T16:31:52","modified_gmt":"2025-11-10T21:31:52","slug":"20-30-10-heavy-duty-tunnel-greenhouse","status":"publish","type":"product","link":"https:\/\/emcglobalindustrial.com\/fr\/produit\/20-30-10-heavy-duty-tunnel-greenhouse\/","title":{"rendered":"Serre tunnel robuste de 20\u2032 x 30\u2032 x10\u2032"},"content":{"rendered":"<h2><strong>Caract\u00e9ristiques<\/strong><\/h2>\n<p>La serre \u00e0 usage intensif EMC est solide et fiable, est livr\u00e9e avec une structure solide et une couverture durable. Sp\u00e9cialis\u00e9 dans la conservation de la chaleur et cr\u00e9e l'environnement id\u00e9al pour que les plantes et les semis s'\u00e9panouissent.<\/p>\n<h2><strong>Sp\u00e9cifications<\/strong><\/h2>\n<ul>\n<li>180g PE Rev\u00eatement en maille  avec fen\u00eatres lat\u00e9rales<\/li>\n<li>Cadre en acier galvanis\u00e9 \u00e0 chaud de 1,26 * 0,06 pouce<\/li>\n<li>Poutre sup\u00e9rieure de 1 * 0,06 pouce, avec piquets pour maintenir la serre<\/li>\n<\/ul>\n<h2><strong>Warranty<\/strong><\/h2>\n<ul>\n<li><a href=\"http:\/\/emcglobalindustrial.com\/wp-content\/uploads\/2025\/10\/EMC-Farm-Industrial-Inc.-Warranty-Terms-and-Conditions-EN.pdf\" target=\"_blank\" rel=\"noopener\">Warranty Terms and Conditions (EN)<\/a><\/li>\n<li><a href=\"http:\/\/emcglobalindustrial.com\/wp-content\/uploads\/2025\/10\/EMC-Farm-Industrial-Inc.-Conditions-de-Garantie-FR.pdf\" target=\"_blank\" rel=\"noopener\">Conditions de Garantie (FR)<\/a><\/li>\n<\/ul>\n<h2><strong>D\u00e9tails d'emballage<\/strong><\/h2>\n<ul>\n<li>L\u00d7W\u00d7H: 87&#8243;\u00d729&#8243;\u00d718&#8243;<\/li>\n<li>Poids : 507 livres<\/li>\n<\/ul>\n<div style=\"width: 640px;\" class=\"wp-video\"><video class=\"wp-video-shortcode\" id=\"video-1535-1\" width=\"640\" height=\"368\" preload=\"metadata\" controls=\"controls\"><source type=\"video\/mp4\" src=\"http:\/\/emcglobalindustrial.com\/wp-content\/uploads\/2021\/07\/Bestland-Montre\u0301al-Office-2022-01-01-12.22.42.mp4?_=1\" \/><a href=\"http:\/\/emcglobalindustrial.com\/wp-content\/uploads\/2021\/07\/Bestland-Montre\u0301al-Office-2022-01-01-12.22.42.mp4\">http:\/\/emcglobalindustrial.com\/wp-content\/uploads\/2021\/07\/Bestland-Montre\u0301al-Office-2022-01-01-12.22.42.mp4<\/a><\/video><\/div>","protected":false},"excerpt":{"rendered":"<p>Features The EMC heavy-duty greenhouse is strong and reliable, comes with a strong structure and a durable cover. Specializes in retains heat and creates the ideal environment for plants and seedlings to flourish. Specifications 180g PE mesh covering with side windows 1.26* 0.06-inch hot-dip galvanized steel frame 1*0.06 inch top&hellip; <\/p>","protected":false},"featured_media":1536,"comment_status":"open","ping_status":"closed","template":"","meta":[],"product_brand":[],"product_cat":[92,95],"product_tag":[],"class_list":{"0":"post-1535","1":"product","2":"type-product","3":"status-publish","4":"has-post-thumbnail","6":"product_cat-homegarden","7":"product_cat-greenhouse","9":"first","10":"instock","11":"shipping-taxable","12":"purchasable","13":"product-type-simple"},"_links":{"self":[{"href":"https:\/\/emcglobalindustrial.com\/fr\/wp-json\/wp\/v2\/product\/1535","targetHints":{"allow":["GET"]}}],"collection":[{"href":"https:\/\/emcglobalindustrial.com\/fr\/wp-json\/wp\/v2\/product"}],"about":[{"href":"https:\/\/emcglobalindustrial.com\/fr\/wp-json\/wp\/v2\/types\/product"}],"replies":[{"embeddable":true,"href":"https:\/\/emcglobalindustrial.com\/fr\/wp-json\/wp\/v2\/comments?post=1535"}],"wp:featuredmedia":[{"embeddable":true,"href":"https:\/\/emcglobalindustrial.com\/fr\/wp-json\/wp\/v2\/media\/1536"}],"wp:attachment":[{"href":"https:\/\/emcglobalindustrial.com\/fr\/wp-json\/wp\/v2\/media?parent=1535"}],"wp:term":[{"taxonomy":"product_brand","embeddable":true,"href":"https:\/\/emcglobalindustrial.com\/fr\/wp-json\/wp\/v2\/product_brand?post=1535"},{"taxonomy":"product_cat","embeddable":true,"href":"https:\/\/emcglobalindustrial.com\/fr\/wp-json\/wp\/v2\/product_cat?post=1535"},{"taxonomy":"product_tag","embeddable":true,"href":"https:\/\/emcglobalindustrial.com\/fr\/wp-json\/wp\/v2\/product_tag?post=1535"}],"curies":[{"name":"wp","href":"https:\/\/api.w.org\/{rel}","templated":true}]}}