{"id":1521,"date":"2021-07-03T05:12:28","date_gmt":"2021-07-03T09:12:28","guid":{"rendered":"http:\/\/emcglobalindustrial.com\/?post_type=product&#038;p=1521"},"modified":"2025-11-27T16:50:37","modified_gmt":"2025-11-27T21:50:37","slug":"heavy-duty-towabale-tilt-truck","status":"publish","type":"product","link":"https:\/\/emcglobalindustrial.com\/fr\/produit\/heavy-duty-towabale-tilt-truck\/","title":{"rendered":"Camion basculant robuste Towabale"},"content":{"rendered":"<h2><strong>Sp\u00e9cifications<\/strong><\/h2>\n<ul>\n<li>Corps monobloc en poly\u00e9thyl\u00e8ne sans soudure, cadre de support en acier, ne se bosse pas, ne se corrode pas et n'absorbe pas l'humidit\u00e9.<\/li>\n<li>1 verge cube et capacit\u00e9 de 2100 lb<\/li>\n<li>NW\/GW (lb): 126\/163<\/li>\n<li>Taille (pouces) : 74 1\/2\u2019\u2019 x 34\u2019\u2019 x 45 1\/4\u2019\u2019<\/li>\n<li>Capacit\u00e9 de charge : 2100lbs<\/li>\n<li>Pneumatique en caoutchouc : 16 \u00d7 4\u2033<\/li>\n<li>Roulette (pouce): 6'' x 2''<\/li>\n<\/ul>\n<h2><strong>Warranty<\/strong><\/h2>\n<ul>\n<li><a href=\"http:\/\/emcglobalindustrial.com\/wp-content\/uploads\/2025\/10\/EMC-Farm-Industrial-Inc.-Warranty-Terms-and-Conditions-EN.pdf\" target=\"_blank\" rel=\"noopener\">Warranty Terms and Conditions (EN)<\/a><\/li>\n<li><a href=\"http:\/\/emcglobalindustrial.com\/wp-content\/uploads\/2025\/10\/EMC-Farm-Industrial-Inc.-Conditions-de-Garantie-FR.pdf\" target=\"_blank\" rel=\"noopener\">Conditions de Garantie (FR)<\/a><\/li>\n<\/ul>\n<h2><strong>Oversize<\/strong><\/h2>\n<ul>\n<li>Packing Size\uff1a74-1\/2&#8243;\u00d734&#8243;\u00d745-1\/4&#8243;<\/li>\n<li>Weight: 163lbs<\/li>\n<\/ul>","protected":false},"excerpt":{"rendered":"<p>Specifications One-piece seamless polyethylene body, steel support frame, won&#8217;t dent, corrode, or absorb moisture. 1 Cubic Yard and 2100 Ib Capacity NW\/GW (lbs): 126\/163 Size (inch): 74 1\/2\u2019\u2019 x 34\u2019\u2019 x 45 1\/4\u2019\u2019 Load capacity: 2100lbs Rubber Pneumatic: 16&#215;4&#8243; Caster(inch): 6\u2019\u2019 x 2\u2019\u2019 Warranty Warranty Terms and Conditions (EN) Conditions&hellip; <\/p>","protected":false},"featured_media":1522,"comment_status":"open","ping_status":"closed","template":"","meta":[],"product_brand":[],"product_cat":[104],"product_tag":[],"class_list":{"0":"post-1521","1":"product","2":"type-product","3":"status-publish","4":"has-post-thumbnail","6":"product_cat-warehouse_equipment","8":"first","9":"instock","10":"shipping-taxable","11":"purchasable","12":"product-type-simple"},"_links":{"self":[{"href":"https:\/\/emcglobalindustrial.com\/fr\/wp-json\/wp\/v2\/product\/1521","targetHints":{"allow":["GET"]}}],"collection":[{"href":"https:\/\/emcglobalindustrial.com\/fr\/wp-json\/wp\/v2\/product"}],"about":[{"href":"https:\/\/emcglobalindustrial.com\/fr\/wp-json\/wp\/v2\/types\/product"}],"replies":[{"embeddable":true,"href":"https:\/\/emcglobalindustrial.com\/fr\/wp-json\/wp\/v2\/comments?post=1521"}],"wp:featuredmedia":[{"embeddable":true,"href":"https:\/\/emcglobalindustrial.com\/fr\/wp-json\/wp\/v2\/media\/1522"}],"wp:attachment":[{"href":"https:\/\/emcglobalindustrial.com\/fr\/wp-json\/wp\/v2\/media?parent=1521"}],"wp:term":[{"taxonomy":"product_brand","embeddable":true,"href":"https:\/\/emcglobalindustrial.com\/fr\/wp-json\/wp\/v2\/product_brand?post=1521"},{"taxonomy":"product_cat","embeddable":true,"href":"https:\/\/emcglobalindustrial.com\/fr\/wp-json\/wp\/v2\/product_cat?post=1521"},{"taxonomy":"product_tag","embeddable":true,"href":"https:\/\/emcglobalindustrial.com\/fr\/wp-json\/wp\/v2\/product_tag?post=1521"}],"curies":[{"name":"wp","href":"https:\/\/api.w.org\/{rel}","templated":true}]}}