{"id":1508,"date":"2021-07-03T04:57:33","date_gmt":"2021-07-03T08:57:33","guid":{"rendered":"http:\/\/emcglobalindustrial.com\/?post_type=product&#038;p=1508"},"modified":"2025-11-27T16:49:17","modified_gmt":"2025-11-27T21:49:17","slug":"heavy-duty-bar-and-pipe-cradle-truck","status":"publish","type":"product","link":"https:\/\/emcglobalindustrial.com\/fr\/produit\/heavy-duty-bar-and-pipe-cradle-truck\/","title":{"rendered":"Chariot \u00e0 barres et tuyaux robustes"},"content":{"rendered":"<h2><strong>Caract\u00e9ristiques<\/strong><\/h2>\n<p>Camion berceau pour le transport de vos mati\u00e8res premi\u00e8res surdimensionn\u00e9es. Chargement et d\u00e9chargement faciles gr\u00e2ce au berceau ouvert. Construction en acier \u00e0 canaux de 3\u2033 ultra-robuste. Les roulettes pivotantes de 8\u2033, les roues centrales de 12\u2033 tournent en un rien de temps.<\/p>\n<h2><strong>Sp\u00e9cifications<\/strong><\/h2>\n<ul>\n<li>Taille : 78,7\"L x 30\"l x 39\"H<\/li>\n<li>Capacit\u00e9 de charge\u00a0: 6000\u00a0lb<\/li>\n<li>Type de roue : ph\u00e9nolique<\/li>\n<\/ul>\n<h2><strong>Warranty<\/strong><\/h2>\n<ul>\n<li><a href=\"http:\/\/emcglobalindustrial.com\/wp-content\/uploads\/2025\/10\/EMC-Farm-Industrial-Inc.-Warranty-Terms-and-Conditions-EN.pdf\" target=\"_blank\" rel=\"noopener\">Warranty Terms and Conditions (EN)<\/a><\/li>\n<li><a href=\"http:\/\/emcglobalindustrial.com\/wp-content\/uploads\/2025\/10\/EMC-Farm-Industrial-Inc.-Conditions-de-Garantie-FR.pdf\" target=\"_blank\" rel=\"noopener\">Conditions de Garantie (FR)<\/a><\/li>\n<\/ul>\n<h2><strong>D\u00e9tails d'emballage<\/strong><\/h2>\n<ul>\n<li>Taille d'emballage (pouces) : 81L*31W*16H<\/li>\n<li>Poids (lb): 341<\/li>\n<\/ul>","protected":false},"excerpt":{"rendered":"<p>Features Cradle truck for transporting your oversized raw materials. Easy loading and unloading with open Cradle. Super heavy-duty 3&#8243; channel steel construction. 8&#8243; swivel casters, 12&#8243; center wheels turn on a dime. Specifications Size: 78.7\u201dL x 30\u201dW x 39\u201dH Load capacity: 6000lbs Wheel type: phenolic Warranty Warranty Terms and Conditions&hellip; <\/p>","protected":false},"featured_media":1517,"comment_status":"open","ping_status":"closed","template":"","meta":[],"product_brand":[],"product_cat":[104],"product_tag":[],"class_list":{"0":"post-1508","1":"product","2":"type-product","3":"status-publish","4":"has-post-thumbnail","6":"product_cat-warehouse_equipment","8":"first","9":"instock","10":"shipping-taxable","11":"purchasable","12":"product-type-simple"},"_links":{"self":[{"href":"https:\/\/emcglobalindustrial.com\/fr\/wp-json\/wp\/v2\/product\/1508","targetHints":{"allow":["GET"]}}],"collection":[{"href":"https:\/\/emcglobalindustrial.com\/fr\/wp-json\/wp\/v2\/product"}],"about":[{"href":"https:\/\/emcglobalindustrial.com\/fr\/wp-json\/wp\/v2\/types\/product"}],"replies":[{"embeddable":true,"href":"https:\/\/emcglobalindustrial.com\/fr\/wp-json\/wp\/v2\/comments?post=1508"}],"wp:featuredmedia":[{"embeddable":true,"href":"https:\/\/emcglobalindustrial.com\/fr\/wp-json\/wp\/v2\/media\/1517"}],"wp:attachment":[{"href":"https:\/\/emcglobalindustrial.com\/fr\/wp-json\/wp\/v2\/media?parent=1508"}],"wp:term":[{"taxonomy":"product_brand","embeddable":true,"href":"https:\/\/emcglobalindustrial.com\/fr\/wp-json\/wp\/v2\/product_brand?post=1508"},{"taxonomy":"product_cat","embeddable":true,"href":"https:\/\/emcglobalindustrial.com\/fr\/wp-json\/wp\/v2\/product_cat?post=1508"},{"taxonomy":"product_tag","embeddable":true,"href":"https:\/\/emcglobalindustrial.com\/fr\/wp-json\/wp\/v2\/product_tag?post=1508"}],"curies":[{"name":"wp","href":"https:\/\/api.w.org\/{rel}","templated":true}]}}