{"id":1498,"date":"2021-07-03T02:36:23","date_gmt":"2021-07-03T06:36:23","guid":{"rendered":"http:\/\/emcglobalindustrial.com\/?post_type=product&#038;p=1498"},"modified":"2025-11-06T13:22:33","modified_gmt":"2025-11-06T18:22:33","slug":"7ft-10d-workbench","status":"publish","type":"product","link":"https:\/\/emcglobalindustrial.com\/fr\/produit\/7ft-10d-workbench\/","title":{"rendered":"7Pi-10T \u00c9tabli"},"content":{"rendered":"<h2><strong>Caract\u00e9ristiques<\/strong><\/h2>\n<ul>\n<li>10 tiroirs \u00e0 roulement \u00e0 billes \u00e0 extension compl\u00e8te avec serrures<\/li>\n<li>2 portes des deux c\u00f4t\u00e9s<\/li>\n<li>Capacit\u00e9 de poids du tiroir\u00a0: 100\u00a0lb\/45\u00a0kg<\/li>\n<li>Drawer internal dimensions: W19.3\u201d\u00d7D17.7\u201d\u00d7H4.9\u201d \u00a010pcs<\/li>\n<li>Dessus de table en acier inoxydable massif \u2022 Poign\u00e9es de tiroir en aluminium<\/li>\n<li>21-gauge frame, 19-gauge base and drawer<\/li>\n<\/ul>\n<h2><strong>Warranty<\/strong><\/h2>\n<ul>\n<li><a href=\"http:\/\/emcglobalindustrial.com\/wp-content\/uploads\/2025\/10\/EMC-Farm-Industrial-Inc.-Warranty-Terms-and-Conditions-EN.pdf\" target=\"_blank\" rel=\"noopener\">Warranty Terms and Conditions (EN)<\/a><\/li>\n<li><a href=\"http:\/\/emcglobalindustrial.com\/wp-content\/uploads\/2025\/10\/EMC-Farm-Industrial-Inc.-Conditions-de-Garantie-FR.pdf\" target=\"_blank\" rel=\"noopener\">Conditions de Garantie (FR)<\/a><\/li>\n<\/ul>\n<h2><strong>Oversize<\/strong><\/h2>\n<ul>\n<li>\u00c9tabli : 87\u2033 L* 24\u00bd\u2033 L* 36\u2033 H<\/li>\n<li>Taille d'emballage (pouces) : 87L*26W*43H<\/li>\n<li>Poids (lb): 385<\/li>\n<\/ul>\n<div style=\"width: 640px;\" class=\"wp-video\"><video class=\"wp-video-shortcode\" id=\"video-1498-1\" width=\"640\" height=\"360\" preload=\"metadata\" controls=\"controls\"><source type=\"video\/mp4\" src=\"http:\/\/emcglobalindustrial.com\/wp-content\/uploads\/2025\/03\/3c03a82bded9c9afe032ef1d315de416.mp4?_=1\" \/><a href=\"http:\/\/emcglobalindustrial.com\/wp-content\/uploads\/2025\/03\/3c03a82bded9c9afe032ef1d315de416.mp4\">http:\/\/emcglobalindustrial.com\/wp-content\/uploads\/2025\/03\/3c03a82bded9c9afe032ef1d315de416.mp4<\/a><\/video><\/div>","protected":false},"excerpt":{"rendered":"<p>Features 10 Full-extension ball bearing drawers with locks 2 Doors on both sides Drawer weight capacity: 100lbs\/45kgs Drawer internal dimensions: W19.3\u201d\u00d7D17.7\u201d\u00d7H4.9\u201d \u00a010pcs Solid stainless steel tabletop \u2022 Aluminum drawer handles 21-gauge frame, 19-gauge base and drawer Warranty Warranty Terms and Conditions (EN) Conditions de Garantie (FR) Oversize Workbench: 87\u2033 L*&hellip; <\/p>","protected":false},"featured_media":2073,"comment_status":"open","ping_status":"closed","template":"","meta":[],"product_brand":[],"product_cat":[60],"product_tag":[],"class_list":{"0":"post-1498","1":"product","2":"type-product","3":"status-publish","4":"has-post-thumbnail","6":"product_cat-workbench","8":"first","9":"instock","10":"shipping-taxable","11":"purchasable","12":"product-type-simple"},"_links":{"self":[{"href":"https:\/\/emcglobalindustrial.com\/fr\/wp-json\/wp\/v2\/product\/1498","targetHints":{"allow":["GET"]}}],"collection":[{"href":"https:\/\/emcglobalindustrial.com\/fr\/wp-json\/wp\/v2\/product"}],"about":[{"href":"https:\/\/emcglobalindustrial.com\/fr\/wp-json\/wp\/v2\/types\/product"}],"replies":[{"embeddable":true,"href":"https:\/\/emcglobalindustrial.com\/fr\/wp-json\/wp\/v2\/comments?post=1498"}],"wp:featuredmedia":[{"embeddable":true,"href":"https:\/\/emcglobalindustrial.com\/fr\/wp-json\/wp\/v2\/media\/2073"}],"wp:attachment":[{"href":"https:\/\/emcglobalindustrial.com\/fr\/wp-json\/wp\/v2\/media?parent=1498"}],"wp:term":[{"taxonomy":"product_brand","embeddable":true,"href":"https:\/\/emcglobalindustrial.com\/fr\/wp-json\/wp\/v2\/product_brand?post=1498"},{"taxonomy":"product_cat","embeddable":true,"href":"https:\/\/emcglobalindustrial.com\/fr\/wp-json\/wp\/v2\/product_cat?post=1498"},{"taxonomy":"product_tag","embeddable":true,"href":"https:\/\/emcglobalindustrial.com\/fr\/wp-json\/wp\/v2\/product_tag?post=1498"}],"curies":[{"name":"wp","href":"https:\/\/api.w.org\/{rel}","templated":true}]}}