{"id":1070,"date":"2021-02-05T20:19:05","date_gmt":"2021-02-06T01:19:05","guid":{"rendered":"http:\/\/emcglobalindustrial.com\/?post_type=product&#038;p=1070"},"modified":"2026-04-14T19:16:20","modified_gmt":"2026-04-14T23:16:20","slug":"20ft-container-home-fch-20ds","status":"publish","type":"product","link":"https:\/\/emcglobalindustrial.com\/fr\/produit\/20ft-container-home-fch-20ds\/","title":{"rendered":"20 Feet Foldable Container House With Double Swing Door"},"content":{"rendered":"<h3><strong><b>Mod\u00e8le: <\/b><\/strong>FCH-20DS<\/h3>\n<h3><strong>Caract\u00e9ristiques:<\/strong><\/h3>\n<p>&#8211; This foldable container house\u00a0usually used as\u00a0warehouses, equipped with two swing doors to facilitate the entry and exit of large goods<\/p>\n<p>&#8211; This house can be folded and installed many times, and the installation is very easy<\/p>\n<p>&#8211; The unique design of the concave and convex groove at the folding place\u00a0ensures good waterproof\u00a0and durability<\/p>\n<h2><strong>Sp\u00e9cifications:<\/strong><\/h2>\n<ul>\n<li>\n<ol>\n<li>Size:<\/li>\n<\/ol>\n<p>Outer Size: L19 ft\u00d7W8.2 ft\u00d7H8 ft\u00a0(L 5800mm\u00d7W 2500mm\u00d7H 2430mm)<\/p>\n<p>Internal size: L18.5 ft\u00d7W7.8 ft\u00d7H7.4 ft (L 5635mm\u00d7W 2370mm\u00d7H 2265mm)<\/p>\n<p>Folded size: L19 ft\u00d7W8.2 ft\u00d7H1.2 ft (L5800\u00d7W 2500\u00d7H 360mm)<\/p>\n<ol start=\"2\">\n<li>Material: Q235Bsteel, galvanized\u00a0square pipe<\/li>\n<li>Top frame: 50*50*1.5mm and 30*50*1.5mm<\/li>\n<li>Bottom frame: 40*80*1.5mm<\/li>\n<li>Ceiling tile:1040 color steel tile(0.45mm)+831 ceiling tile(3mm)+glass fiber<\/li>\n<li>Floor: 15mm MGO board<\/li>\n<li>Wall: 50mm rock wool wall panel, 0.3mm double-sided peel plate, single-sided film covering<\/li>\n<li>Double swing doorsize: 9 ft\u00d7H6.6 ft<\/li>\n<\/ol>\n<\/li>\n<\/ul>\n<h2>D\u00e9tail d'emballage<\/h2>\n<ul>\n<li>Packing Size (Inch): L19 ft\u00d7W8.2 ft\u00d7H1.2 ft (L5800\u00d7W 2500\u00d7H 360mm)<\/li>\n<li>Weight (lb): 2445 lbs<\/li>\n<\/ul>\n<p><em><strong>VID\u00c9O D'INSTRUCTIONS\uff1a<\/strong><\/em><\/p>\n<div class=\"wp-playlist wp-video-playlist wp-playlist-light\">\n\t\t<video controls=\"controls\" preload=\"none\" width=\"1148\"\n\t\t height=\"646\"\t><\/video>\n\t<div class=\"wp-playlist-next\"><\/div>\n\t<div class=\"wp-playlist-prev\"><\/div>\n\t<noscript>\n\t<ol>\n\t\t<li><a href='https:\/\/emcglobalindustrial.com\/wp-content\/uploads\/2021\/02\/My-Movie.mp4'>Instructure Video<\/a><\/li>\t<\/ol>\n\t<\/noscript>\n\t<script type=\"application\/json\" class=\"wp-playlist-script\">{\"type\":\"video\",\"tracklist\":true,\"tracknumbers\":true,\"images\":true,\"artists\":true,\"tracks\":[{\"src\":\"https:\/\/emcglobalindustrial.com\/wp-content\/uploads\/2021\/02\/My-Movie.mp4\",\"type\":\"video\/mp4\",\"title\":\"Instructure Video\",\"caption\":\"\",\"description\":\"EMC 20 Feet Foldable Container House\\n\",\"meta\":{\"length_formatted\":\"0:42\"},\"dimensions\":{\"original\":{\"width\":1280,\"height\":720},\"resized\":{\"width\":1148,\"height\":646}},\"image\":{\"src\":\"https:\/\/emcglobalindustrial.com\/wp-includes\/images\/media\/video.svg\",\"width\":48,\"height\":64},\"thumb\":{\"src\":\"https:\/\/emcglobalindustrial.com\/wp-includes\/images\/media\/video.svg\",\"width\":48,\"height\":64}}]}<\/script>\n<\/div>\n\t\n<div style=\"width: 544px;\" class=\"wp-video\"><video class=\"wp-video-shortcode\" id=\"video-1070-1\" width=\"544\" height=\"960\" preload=\"metadata\" controls=\"controls\"><source type=\"video\/mp4\" src=\"http:\/\/emcglobalindustrial.com\/wp-content\/uploads\/2021\/02\/video.mp4?_=1\" \/><a href=\"http:\/\/emcglobalindustrial.com\/wp-content\/uploads\/2021\/02\/video.mp4\">http:\/\/emcglobalindustrial.com\/wp-content\/uploads\/2021\/02\/video.mp4<\/a><\/video><\/div>","protected":false},"excerpt":{"rendered":"<p>Model: FCH-20DS Features: &#8211; This foldable container house\u00a0usually used as\u00a0warehouses, equipped with two swing doors to facilitate the entry and exit of large goods &#8211; This house can be folded and installed many times, and the installation is very easy &#8211; The unique design of the concave and convex groove&hellip; <\/p>","protected":false},"featured_media":3583,"comment_status":"open","ping_status":"closed","template":"","meta":[],"product_brand":[],"product_cat":[86,90],"product_tag":[],"class_list":{"0":"post-1070","1":"product","2":"type-product","3":"status-publish","4":"has-post-thumbnail","6":"product_cat-container","7":"product_cat-container-house","9":"first","10":"instock","11":"shipping-taxable","12":"purchasable","13":"product-type-simple"},"_links":{"self":[{"href":"https:\/\/emcglobalindustrial.com\/fr\/wp-json\/wp\/v2\/product\/1070","targetHints":{"allow":["GET"]}}],"collection":[{"href":"https:\/\/emcglobalindustrial.com\/fr\/wp-json\/wp\/v2\/product"}],"about":[{"href":"https:\/\/emcglobalindustrial.com\/fr\/wp-json\/wp\/v2\/types\/product"}],"replies":[{"embeddable":true,"href":"https:\/\/emcglobalindustrial.com\/fr\/wp-json\/wp\/v2\/comments?post=1070"}],"wp:featuredmedia":[{"embeddable":true,"href":"https:\/\/emcglobalindustrial.com\/fr\/wp-json\/wp\/v2\/media\/3583"}],"wp:attachment":[{"href":"https:\/\/emcglobalindustrial.com\/fr\/wp-json\/wp\/v2\/media?parent=1070"}],"wp:term":[{"taxonomy":"product_brand","embeddable":true,"href":"https:\/\/emcglobalindustrial.com\/fr\/wp-json\/wp\/v2\/product_brand?post=1070"},{"taxonomy":"product_cat","embeddable":true,"href":"https:\/\/emcglobalindustrial.com\/fr\/wp-json\/wp\/v2\/product_cat?post=1070"},{"taxonomy":"product_tag","embeddable":true,"href":"https:\/\/emcglobalindustrial.com\/fr\/wp-json\/wp\/v2\/product_tag?post=1070"}],"curies":[{"name":"wp","href":"https:\/\/api.w.org\/{rel}","templated":true}]}}