{"id":412,"date":"2021-01-18T16:42:36","date_gmt":"2021-01-18T16:42:36","guid":{"rendered":"http:\/\/emcglobalindustrial.com\/?page_id=412"},"modified":"2021-01-22T22:14:30","modified_gmt":"2021-01-22T22:14:30","slug":"about-us","status":"publish","type":"page","link":"https:\/\/emcglobalindustrial.com\/fr\/about-us\/","title":{"rendered":"\u00c0 propos de nous"},"content":{"rendered":"<figure class=\"wp-block-image alignfull size-large\"><img fetchpriority=\"high\" decoding=\"async\" width=\"1024\" height=\"257\" src=\"http:\/\/emcglobalindustrial.com\/wp-content\/uploads\/2021\/01\/about-us-1024x257.jpg\" alt=\"\" class=\"wp-image-703\" srcset=\"https:\/\/emcglobalindustrial.com\/wp-content\/uploads\/2021\/01\/about-us-1024x257.jpg 1024w, https:\/\/emcglobalindustrial.com\/wp-content\/uploads\/2021\/01\/about-us-scaled-400x100.jpg 400w, https:\/\/emcglobalindustrial.com\/wp-content\/uploads\/2021\/01\/about-us-300x75.jpg 300w, https:\/\/emcglobalindustrial.com\/wp-content\/uploads\/2021\/01\/about-us-768x193.jpg 768w, https:\/\/emcglobalindustrial.com\/wp-content\/uploads\/2021\/01\/about-us-1536x386.jpg 1536w, https:\/\/emcglobalindustrial.com\/wp-content\/uploads\/2021\/01\/about-us-2048x514.jpg 2048w, https:\/\/emcglobalindustrial.com\/wp-content\/uploads\/2021\/01\/about-us-600x151.jpg 600w\" sizes=\"(max-width: 1024px) 100vw, 1024px\" \/><\/figure>\n\n\n\n<p><strong>EMC Global industrial <\/strong>a fi\u00e8rement servi nos clients dans divers produits, notamment les activit\u00e9s industrielles, agricoles et de construction, EMC signifie ing\u00e9nierie et fabrication pour les besoins de nos clients. Nous sommes fiers d'avoir une entreprise d\u00e9tenue et exploit\u00e9e \u00e0 100 % par des Canadiens. Nous avons une excellente exp\u00e9rience sur le march\u00e9 nord-am\u00e9ricain depuis 2007.<\/p>\n\n\n\n<p>Nous nous sommes engag\u00e9s \u00e0 am\u00e9liorer continuellement nos produits de qualit\u00e9 qui r\u00e9pondent et d\u00e9passent leurs besoins et satisfont aux exigences applicables, offrant ainsi \u00e0 nos clients un service exceptionnel et des produits de qualit\u00e9. Nous offrons innovation, excellence et qualit\u00e9 dans tout ce que nous proposons.<\/p>\n\n\n\n<p>Nos objectifs sont de vous offrir une offre imbattable et de soutenir votre service rapide et fiable, y compris la garantie et la livraison en Am\u00e9rique du Nord.<br>\u2013 Des prix vraiment bas<br>\u2013 Pas de gadgets (pas de fioritures)<br>\u2013 Garantie DOA du fabricant<br>\u2013 Remise en vrac : nous amenons votre niveau de prix professionnel.<br>\u2013 Toujours am\u00e9liorer la qualit\u00e9<br>\u2013 Toujours vous \u00e9couter et aimer ce que vous faites<\/p>","protected":false},"excerpt":{"rendered":"<p>EMC Global industrial has proudly serviced our customers in various products which included industrial, agriculture, and construction business, EMC is meaning Engineering and Manufacturing for our customer needs. We are proud to have 100% Canadian owned and operated business. We have excellent experience in the North American market since 2007.&hellip; <\/p>","protected":false},"author":1,"featured_media":0,"parent":0,"menu_order":0,"comment_status":"closed","ping_status":"closed","template":"page-templates\/shoppingcart-template.php","meta":{"footnotes":""},"class_list":["post-412","page","type-page","status-publish","hentry"],"_links":{"self":[{"href":"https:\/\/emcglobalindustrial.com\/fr\/wp-json\/wp\/v2\/pages\/412","targetHints":{"allow":["GET"]}}],"collection":[{"href":"https:\/\/emcglobalindustrial.com\/fr\/wp-json\/wp\/v2\/pages"}],"about":[{"href":"https:\/\/emcglobalindustrial.com\/fr\/wp-json\/wp\/v2\/types\/page"}],"author":[{"embeddable":true,"href":"https:\/\/emcglobalindustrial.com\/fr\/wp-json\/wp\/v2\/users\/1"}],"replies":[{"embeddable":true,"href":"https:\/\/emcglobalindustrial.com\/fr\/wp-json\/wp\/v2\/comments?post=412"}],"version-history":[{"count":0,"href":"https:\/\/emcglobalindustrial.com\/fr\/wp-json\/wp\/v2\/pages\/412\/revisions"}],"wp:attachment":[{"href":"https:\/\/emcglobalindustrial.com\/fr\/wp-json\/wp\/v2\/media?parent=412"}],"curies":[{"name":"wp","href":"https:\/\/api.w.org\/{rel}","templated":true}]}}