{"id":177,"date":"2019-03-21T09:44:45","date_gmt":"2019-03-21T09:44:45","guid":{"rendered":"https:\/\/demo.themefreesia.com\/shoppingcart\/?page_id=177"},"modified":"2023-04-13T12:40:58","modified_gmt":"2023-04-13T16:40:58","slug":"contact-us","status":"publish","type":"page","link":"https:\/\/emcglobalindustrial.com\/fr\/contact-us\/","title":{"rendered":"Contactez-nous"},"content":{"rendered":"<figure class=\"wp-block-image alignfull size-large\"><img fetchpriority=\"high\" decoding=\"async\" width=\"1024\" height=\"257\" src=\"http:\/\/emcglobalindustrial.com\/wp-content\/uploads\/2021\/01\/Contact-us-1-1024x257.jpg\" alt=\"\" class=\"wp-image-736\" srcset=\"https:\/\/emcglobalindustrial.com\/wp-content\/uploads\/2021\/01\/Contact-us-1-1024x257.jpg 1024w, https:\/\/emcglobalindustrial.com\/wp-content\/uploads\/2021\/01\/Contact-us-1-scaled-400x100.jpg 400w, https:\/\/emcglobalindustrial.com\/wp-content\/uploads\/2021\/01\/Contact-us-1-300x75.jpg 300w, https:\/\/emcglobalindustrial.com\/wp-content\/uploads\/2021\/01\/Contact-us-1-768x193.jpg 768w, https:\/\/emcglobalindustrial.com\/wp-content\/uploads\/2021\/01\/Contact-us-1-1536x386.jpg 1536w, https:\/\/emcglobalindustrial.com\/wp-content\/uploads\/2021\/01\/Contact-us-1-2048x514.jpg 2048w, https:\/\/emcglobalindustrial.com\/wp-content\/uploads\/2021\/01\/Contact-us-1-600x151.jpg 600w\" sizes=\"(max-width: 1024px) 100vw, 1024px\" \/><\/figure>\n\n\n\n<h1 class=\"alignfull has-text-align-center has-text-color wp-block-heading\" style=\"color:#ffcc00\">Demande de produit, questions et commentaires\u00a0: <\/h1>\n\n\n\n<h2 class=\"alignfull has-text-align-center wp-block-heading\"><strong>Questions, commentaires, suggestions, id\u00e9es, plaintes et compliments\u2026<\/strong><\/h2>\n\n\n\n<h2 class=\"alignfull has-text-align-center wp-block-heading\"><strong>Nous sommes ici pour vous \u00e9couter r\u00e9fl\u00e9chir, nous attendons de vos nouvelles.<\/strong><\/h2>\n\n\n\n<p><br><\/p>\n\n\n\n<div class=\"wp-block-caxton-grid relative\"><div class=\"absolute absolute--fill\"><div class=\"absolute absolute--fill cover bg-center\" style=\"background-color:;background-image:linear-gradient( );\"><\/div><div class=\"absolute absolute--fill\" style=\"background-color:;background-image:linear-gradient( );opacity:1;\"><\/div><\/div><div class=\"relative caxton-columns caxton-grid-block\" style=\"padding-top:0;padding-left:0;padding-bottom:0;padding-right:0;grid-template-columns:repeat(12, 1fr)\" data-tablet-css=\"padding-left:em;padding-right:em;\" data-mobile-css=\"padding-left:em;padding-right:em;\">\n<div class=\"wp-block-caxton-section relative\" style=\"grid-area:span 1\/span 4\"><div class=\"absolute absolute--fill\"><div class=\"absolute absolute--fill cover bg-center\" style=\"background-color:;background-image:linear-gradient( );\"><\/div><div class=\"absolute absolute--fill\" style=\"background-color:;background-image:linear-gradient( );opacity:1;\"><\/div><\/div><div class=\"relative caxton-section-block\" style=\"padding-top:5px;padding-left:5px;padding-bottom:5px;padding-right:5px\" data-mobile-css=\"padding-left:1em;padding-right:1em;\" data-tablet-css=\"padding-left:1em;padding-right:1em;\">\n<h3 class=\"has-text-color wp-block-heading\" style=\"color:#ffcc00\"><strong>Coordonn\u00e9es<\/strong><strong><\/strong><\/h3>\n\n\n\n<p>Customer Service: Monday \u2013 Friday: 9:00 am \u2013 5:00 pm<\/p>\n\n\n\n<p>Email:&nbsp;<a href=\"mailto:info@emcglobalindustrial.com\"><strong><u><strong>info@emcglobalindustrial.com<\/strong><\/u><\/strong><\/a><\/p>\n\n\n\n<p>T\u00e9l\u00e9phone:&nbsp;<strong>1-800-983-4038<\/strong><\/p>\n<\/div><\/div>\n\n\n\n<div class=\"wp-block-caxton-section relative\" style=\"grid-area:span 1\/span 8\"><div class=\"absolute absolute--fill\"><div class=\"absolute absolute--fill cover bg-center\" style=\"background-color:;background-image:linear-gradient( );\"><\/div><div class=\"absolute absolute--fill\" style=\"background-color:;background-image:linear-gradient( );opacity:1;\"><\/div><\/div><div class=\"relative caxton-section-block\" style=\"padding-top:5px;padding-left:5px;padding-bottom:5px;padding-right:5px\" data-mobile-css=\"padding-left:1em;padding-right:1em;\" data-tablet-css=\"padding-left:1em;padding-right:1em;\">\n<div class=\"wp-block-contact-form-7-contact-form-selector\"><p class=\"wpcf7-contact-form-not-found\"><strong>Error:<\/strong> Contact form not found.<\/p><\/div>\n<\/div><\/div>\n<\/div><\/div>","protected":false},"excerpt":{"rendered":"<p>Product Inquiry, Questions &amp; Comments: Questions, comments, suggestions, ideas, complaints, and compliments&#8230; We are here to listen to you think, we are waiting to hear from you.<\/p>","protected":false},"author":1,"featured_media":0,"parent":0,"menu_order":0,"comment_status":"closed","ping_status":"closed","template":"page-templates\/shoppingcart-template.php","meta":{"footnotes":""},"class_list":["post-177","page","type-page","status-publish","hentry"],"_links":{"self":[{"href":"https:\/\/emcglobalindustrial.com\/fr\/wp-json\/wp\/v2\/pages\/177","targetHints":{"allow":["GET"]}}],"collection":[{"href":"https:\/\/emcglobalindustrial.com\/fr\/wp-json\/wp\/v2\/pages"}],"about":[{"href":"https:\/\/emcglobalindustrial.com\/fr\/wp-json\/wp\/v2\/types\/page"}],"author":[{"embeddable":true,"href":"https:\/\/emcglobalindustrial.com\/fr\/wp-json\/wp\/v2\/users\/1"}],"replies":[{"embeddable":true,"href":"https:\/\/emcglobalindustrial.com\/fr\/wp-json\/wp\/v2\/comments?post=177"}],"version-history":[{"count":0,"href":"https:\/\/emcglobalindustrial.com\/fr\/wp-json\/wp\/v2\/pages\/177\/revisions"}],"wp:attachment":[{"href":"https:\/\/emcglobalindustrial.com\/fr\/wp-json\/wp\/v2\/media?parent=177"}],"curies":[{"name":"wp","href":"https:\/\/api.w.org\/{rel}","templated":true}]}}